{"id":836,"date":"2019-05-17T13:59:28","date_gmt":"2019-05-17T13:59:28","guid":{"rendered":"https:\/\/hotelboulevard.de\/impressum\/"},"modified":"2025-01-14T13:25:53","modified_gmt":"2025-01-14T13:25:53","slug":"mentions-legales","status":"publish","type":"page","link":"https:\/\/hotelboulevard.de\/fr\/mentions-legales\/","title":{"rendered":"Mentions l\u00e9gales"},"content":{"rendered":"<h1 style=\"text-align: center;\">Mentions l\u00e9gales<\/h1>\n<p style=\"text-align: center;\"><strong>H\u00f4tel Boulevard<\/strong><\/p>\n<p style=\"text-align: center;\">Propri\u00e9taire : M. Mechri e.K.<br \/>\nCologne\/Cologne<br \/>\nHansaring 14<br \/>\nD-50670 Cologne<\/p>\n<p style=\"text-align: center;\">T\u00e9l\u00e9phone : +49 (0) 2 21-35 58 44 0<br \/>\nT\u00e9l\u00e9copieur : +49 (0) 2 21-13 83 07<\/p>\n<p style=\"text-align: center;\">Courrier \u00e9lectronique : hotel@hotelboulevard.de<\/p>\n<p style=\"text-align: center;\">Num\u00e9ro de TVA : DE236631607<br \/>\nHRA : 21991<br \/>\nJuridiction comp\u00e9tente : Cologne<\/p>\n<p>&nbsp;<\/p>\n<h4>Responsabilit\u00e9 du contenu<\/h4>\n<p>Le contenu de nos pages a \u00e9t\u00e9 r\u00e9dig\u00e9 avec le plus grand soin. Nous ne pouvons toutefois pas garantir l&rsquo;exactitude, l&rsquo;exhaustivit\u00e9 et l&rsquo;actualit\u00e9 des contenus. En tant que prestataire de services, nous sommes tenus, conform\u00e9ment au \u00a7 7 al.1 TMG pour ses propres contenus sur ces pages selon les lois g\u00e9n\u00e9rales. Conform\u00e9ment aux \u00a7\u00a7 8 \u00e0 10 de la TMG, nous ne sommes toutefois pas tenus, en tant que prestataire de services, de surveiller les informations externes transmises ou enregistr\u00e9es ou de rechercher les circonstances qui indiquent une activit\u00e9 ill\u00e9gale. Les obligations de supprimer ou de bloquer l&rsquo;utilisation d&rsquo;informations conform\u00e9ment aux lois g\u00e9n\u00e9rales ne sont pas affect\u00e9es par cette disposition. Une responsabilit\u00e9 \u00e0 cet \u00e9gard n&rsquo;est toutefois possible qu&rsquo;\u00e0 partir du moment o\u00f9 une violation concr\u00e8te de la loi est connue. Si nous prenons connaissance d&rsquo;une telle violation, nous supprimerons imm\u00e9diatement ce contenu.<\/p>\n<h4>Responsabilit\u00e9 des liens<\/h4>\n<p>Notre offre contient des liens vers des sites web externes de tiers, sur lesquels nous n&rsquo;avons aucune influence. Nous ne pouvons donc pas nous porter garants de ces contenus externes. Le fournisseur ou l&rsquo;exploitant des pages li\u00e9es est toujours responsable du contenu de ces pages. Les pages li\u00e9es ont \u00e9t\u00e9 v\u00e9rifi\u00e9es au moment de la cr\u00e9ation du lien afin de s&rsquo;assurer qu&rsquo;elles n&rsquo;enfreignaient pas la loi. Aucun contenu ill\u00e9gal n&rsquo;a \u00e9t\u00e9 identifi\u00e9 au moment de la cr\u00e9ation des liens. Un contr\u00f4le permanent du contenu des pages li\u00e9es n&rsquo;est cependant pas exigible sans indices concrets d&rsquo;une violation de la loi. Si nous prenons connaissance d&rsquo;une violation de la loi, nous supprimerons imm\u00e9diatement les liens en question.<\/p>\n<h4>R\u00e8glement des litiges en ligne<\/h4>\n<p>La Commission europ\u00e9enne met \u00e0 disposition une plateforme de r\u00e8glement en ligne des litiges \u00e0 l&rsquo;<a href=\"https:\/\/ec.europa.eu\/consumers\/odr\/\" target=\"_blank\" rel=\"noopener\">adresse https:\/\/ec.europa.eu\/consumers\/odr\/<\/a>, que les consommateurs peuvent utiliser pour r\u00e9soudre un litige et qui contient des informations suppl\u00e9mentaires sur le r\u00e8glement des litiges.<\/p>\n<h4>R\u00e8glement extrajudiciaire des litiges<\/h4>\n<p>Nous ne sommes ni oblig\u00e9s ni dispos\u00e9s \u00e0 participer \u00e0 une proc\u00e9dure de r\u00e8glement des litiges devant un organisme de conciliation des consommateurs en cas de litige avec un consommateur.<\/p>\n","protected":false},"excerpt":{"rendered":"<p>Mentions l\u00e9gales H\u00f4tel Boulevard Propri\u00e9taire : M. Mechri e.K. Cologne\/Cologne Hansaring 14 D-50670 Cologne T\u00e9l\u00e9phone : +49 (0) 2 21-35 58 44 0 T\u00e9l\u00e9copieur : +49 (0) 2 21-13 83 07 Courrier \u00e9lectronique : hotel@hotelboulevard.de Num\u00e9ro de TVA : DE236631607 HRA : 21991 Juridiction comp\u00e9tente : Cologne &nbsp; Responsabilit\u00e9 du contenu Le contenu de nos [&hellip;]<\/p>\n","protected":false},"author":1,"featured_media":0,"parent":0,"menu_order":28,"comment_status":"closed","ping_status":"closed","template":"template-text.php","meta":{"_acf_changed":false,"footnotes":""},"class_list":["post-836","page","type-page","status-publish","hentry"],"acf":[],"yoast_head":"<!-- This site is optimized with the Yoast SEO plugin v27.2 - https:\/\/yoast.com\/product\/yoast-seo-wordpress\/ -->\n<title>Mentions l\u00e9gales - Hotel Boulevard<\/title>\n<meta name=\"robots\" content=\"index, follow, max-snippet:-1, max-image-preview:large, max-video-preview:-1\" \/>\n<link rel=\"canonical\" href=\"https:\/\/hotelboulevard.de\/fr\/mentions-legales\/\" \/>\n<meta property=\"og:locale\" content=\"fr_FR\" \/>\n<meta property=\"og:type\" content=\"article\" \/>\n<meta property=\"og:title\" content=\"Mentions l\u00e9gales - Hotel Boulevard\" \/>\n<meta property=\"og:description\" content=\"Mentions l\u00e9gales H\u00f4tel Boulevard Propri\u00e9taire : M. Mechri e.K. Cologne\/Cologne Hansaring 14 D-50670 Cologne T\u00e9l\u00e9phone : +49 (0) 2 21-35 58 44 0 T\u00e9l\u00e9copieur : +49 (0) 2 21-13 83 07 Courrier \u00e9lectronique : hotel@hotelboulevard.de Num\u00e9ro de TVA : DE236631607 HRA : 21991 Juridiction comp\u00e9tente : Cologne &nbsp; Responsabilit\u00e9 du contenu Le contenu de nos [&hellip;]\" \/>\n<meta property=\"og:url\" content=\"https:\/\/hotelboulevard.de\/fr\/mentions-legales\/\" \/>\n<meta property=\"og:site_name\" content=\"Hotel Boulevard\" \/>\n<meta property=\"article:publisher\" content=\"https:\/\/www.facebook.com\/HotelBoulevard.Koeln\/\" \/>\n<meta property=\"article:modified_time\" content=\"2025-01-14T13:25:53+00:00\" \/>\n<meta name=\"twitter:card\" content=\"summary_large_image\" \/>\n<meta name=\"twitter:label1\" content=\"Dur\u00e9e de lecture estim\u00e9e\" \/>\n\t<meta name=\"twitter:data1\" content=\"2 minutes\" \/>\n<script type=\"application\/ld+json\" class=\"yoast-schema-graph\">{\"@context\":\"https:\/\/schema.org\",\"@graph\":[{\"@type\":\"WebPage\",\"@id\":\"https:\/\/hotelboulevard.de\/fr\/mentions-legales\/\",\"url\":\"https:\/\/hotelboulevard.de\/fr\/mentions-legales\/\",\"name\":\"Mentions l\u00e9gales - Hotel Boulevard\",\"isPartOf\":{\"@id\":\"https:\/\/hotelboulevard.de\/fr\/#website\"},\"datePublished\":\"2019-05-17T13:59:28+00:00\",\"dateModified\":\"2025-01-14T13:25:53+00:00\",\"breadcrumb\":{\"@id\":\"https:\/\/hotelboulevard.de\/fr\/mentions-legales\/#breadcrumb\"},\"inLanguage\":\"fr-FR\",\"potentialAction\":[{\"@type\":\"ReadAction\",\"target\":[\"https:\/\/hotelboulevard.de\/fr\/mentions-legales\/\"]}]},{\"@type\":\"BreadcrumbList\",\"@id\":\"https:\/\/hotelboulevard.de\/fr\/mentions-legales\/#breadcrumb\",\"itemListElement\":[{\"@type\":\"ListItem\",\"position\":1,\"name\":\"Startseite\",\"item\":\"https:\/\/hotelboulevard.de\/fr\/\"},{\"@type\":\"ListItem\",\"position\":2,\"name\":\"Mentions l\u00e9gales\"}]},{\"@type\":\"WebSite\",\"@id\":\"https:\/\/hotelboulevard.de\/fr\/#website\",\"url\":\"https:\/\/hotelboulevard.de\/fr\/\",\"name\":\"Hotel Boulevard\",\"description\":\"\",\"publisher\":{\"@id\":\"https:\/\/hotelboulevard.de\/fr\/#organization\"},\"potentialAction\":[{\"@type\":\"SearchAction\",\"target\":{\"@type\":\"EntryPoint\",\"urlTemplate\":\"https:\/\/hotelboulevard.de\/fr\/?s={search_term_string}\"},\"query-input\":{\"@type\":\"PropertyValueSpecification\",\"valueRequired\":true,\"valueName\":\"search_term_string\"}}],\"inLanguage\":\"fr-FR\"},{\"@type\":\"Organization\",\"@id\":\"https:\/\/hotelboulevard.de\/fr\/#organization\",\"name\":\"Hotel Boulevard\",\"url\":\"https:\/\/hotelboulevard.de\/fr\/\",\"logo\":{\"@type\":\"ImageObject\",\"inLanguage\":\"fr-FR\",\"@id\":\"https:\/\/hotelboulevard.de\/fr\/#\/schema\/logo\/image\/\",\"url\":\"https:\/\/hotelboulevard.de\/wp-content\/uploads\/2024\/07\/logo.svg\",\"contentUrl\":\"https:\/\/hotelboulevard.de\/wp-content\/uploads\/2024\/07\/logo.svg\",\"width\":126,\"height\":57,\"caption\":\"Hotel Boulevard\"},\"image\":{\"@id\":\"https:\/\/hotelboulevard.de\/fr\/#\/schema\/logo\/image\/\"},\"sameAs\":[\"https:\/\/www.facebook.com\/HotelBoulevard.Koeln\/\"]}]}<\/script>\n<!-- \/ Yoast SEO plugin. -->","yoast_head_json":{"title":"Mentions l\u00e9gales - Hotel Boulevard","robots":{"index":"index","follow":"follow","max-snippet":"max-snippet:-1","max-image-preview":"max-image-preview:large","max-video-preview":"max-video-preview:-1"},"canonical":"https:\/\/hotelboulevard.de\/fr\/mentions-legales\/","og_locale":"fr_FR","og_type":"article","og_title":"Mentions l\u00e9gales - Hotel Boulevard","og_description":"Mentions l\u00e9gales H\u00f4tel Boulevard Propri\u00e9taire : M. Mechri e.K. Cologne\/Cologne Hansaring 14 D-50670 Cologne T\u00e9l\u00e9phone : +49 (0) 2 21-35 58 44 0 T\u00e9l\u00e9copieur : +49 (0) 2 21-13 83 07 Courrier \u00e9lectronique : hotel@hotelboulevard.de Num\u00e9ro de TVA : DE236631607 HRA : 21991 Juridiction comp\u00e9tente : Cologne &nbsp; Responsabilit\u00e9 du contenu Le contenu de nos [&hellip;]","og_url":"https:\/\/hotelboulevard.de\/fr\/mentions-legales\/","og_site_name":"Hotel Boulevard","article_publisher":"https:\/\/www.facebook.com\/HotelBoulevard.Koeln\/","article_modified_time":"2025-01-14T13:25:53+00:00","twitter_card":"summary_large_image","twitter_misc":{"Dur\u00e9e de lecture estim\u00e9e":"2 minutes"},"schema":{"@context":"https:\/\/schema.org","@graph":[{"@type":"WebPage","@id":"https:\/\/hotelboulevard.de\/fr\/mentions-legales\/","url":"https:\/\/hotelboulevard.de\/fr\/mentions-legales\/","name":"Mentions l\u00e9gales - Hotel Boulevard","isPartOf":{"@id":"https:\/\/hotelboulevard.de\/fr\/#website"},"datePublished":"2019-05-17T13:59:28+00:00","dateModified":"2025-01-14T13:25:53+00:00","breadcrumb":{"@id":"https:\/\/hotelboulevard.de\/fr\/mentions-legales\/#breadcrumb"},"inLanguage":"fr-FR","potentialAction":[{"@type":"ReadAction","target":["https:\/\/hotelboulevard.de\/fr\/mentions-legales\/"]}]},{"@type":"BreadcrumbList","@id":"https:\/\/hotelboulevard.de\/fr\/mentions-legales\/#breadcrumb","itemListElement":[{"@type":"ListItem","position":1,"name":"Startseite","item":"https:\/\/hotelboulevard.de\/fr\/"},{"@type":"ListItem","position":2,"name":"Mentions l\u00e9gales"}]},{"@type":"WebSite","@id":"https:\/\/hotelboulevard.de\/fr\/#website","url":"https:\/\/hotelboulevard.de\/fr\/","name":"Hotel Boulevard","description":"","publisher":{"@id":"https:\/\/hotelboulevard.de\/fr\/#organization"},"potentialAction":[{"@type":"SearchAction","target":{"@type":"EntryPoint","urlTemplate":"https:\/\/hotelboulevard.de\/fr\/?s={search_term_string}"},"query-input":{"@type":"PropertyValueSpecification","valueRequired":true,"valueName":"search_term_string"}}],"inLanguage":"fr-FR"},{"@type":"Organization","@id":"https:\/\/hotelboulevard.de\/fr\/#organization","name":"Hotel Boulevard","url":"https:\/\/hotelboulevard.de\/fr\/","logo":{"@type":"ImageObject","inLanguage":"fr-FR","@id":"https:\/\/hotelboulevard.de\/fr\/#\/schema\/logo\/image\/","url":"https:\/\/hotelboulevard.de\/wp-content\/uploads\/2024\/07\/logo.svg","contentUrl":"https:\/\/hotelboulevard.de\/wp-content\/uploads\/2024\/07\/logo.svg","width":126,"height":57,"caption":"Hotel Boulevard"},"image":{"@id":"https:\/\/hotelboulevard.de\/fr\/#\/schema\/logo\/image\/"},"sameAs":["https:\/\/www.facebook.com\/HotelBoulevard.Koeln\/"]}]}},"_links":{"self":[{"href":"https:\/\/hotelboulevard.de\/fr\/wp-json\/wp\/v2\/pages\/836","targetHints":{"allow":["GET"]}}],"collection":[{"href":"https:\/\/hotelboulevard.de\/fr\/wp-json\/wp\/v2\/pages"}],"about":[{"href":"https:\/\/hotelboulevard.de\/fr\/wp-json\/wp\/v2\/types\/page"}],"author":[{"embeddable":true,"href":"https:\/\/hotelboulevard.de\/fr\/wp-json\/wp\/v2\/users\/1"}],"replies":[{"embeddable":true,"href":"https:\/\/hotelboulevard.de\/fr\/wp-json\/wp\/v2\/comments?post=836"}],"version-history":[{"count":3,"href":"https:\/\/hotelboulevard.de\/fr\/wp-json\/wp\/v2\/pages\/836\/revisions"}],"predecessor-version":[{"id":1273,"href":"https:\/\/hotelboulevard.de\/fr\/wp-json\/wp\/v2\/pages\/836\/revisions\/1273"}],"wp:attachment":[{"href":"https:\/\/hotelboulevard.de\/fr\/wp-json\/wp\/v2\/media?parent=836"}],"curies":[{"name":"wp","href":"https:\/\/api.w.org\/{rel}","templated":true}]}}