{"id":824,"date":"2024-07-08T23:30:21","date_gmt":"2024-07-08T23:30:21","guid":{"rendered":"https:\/\/hotelboulevard.de\/agb\/"},"modified":"2024-10-23T07:39:00","modified_gmt":"2024-10-23T07:39:00","slug":"conditions-generales","status":"publish","type":"page","link":"https:\/\/hotelboulevard.de\/fr\/conditions-generales\/","title":{"rendered":"CONDITIONS G\u00c9N\u00c9RALES DE VENTE"},"content":{"rendered":"<h1>Conditions g\u00e9n\u00e9rales de vente de l&rsquo;<strong>H\u00f4tel Boulevard Cologne<\/strong><\/h1>\n<h2>R\u00e8gles g\u00e9n\u00e9rales<\/h2>\n<ol>\n<li>Les pr\u00e9sentes conditions g\u00e9n\u00e9rales de vente s&rsquo;appliquent \u00e0 tous les contrats conclus avec l&rsquo;H\u00f4tel Boulevard.<br \/>\nLes conditions g\u00e9n\u00e9rales autres que celles de l&rsquo;h\u00f4tel ne font pas partie du contrat, m\u00eame si l&rsquo;h\u00f4tel Boulevard ne les conteste pas express\u00e9ment. <\/li>\n<li>Outre les \u00a7 70 l et suivants, les contrats d&rsquo;h\u00e9bergement sont soumis au droit commun du logement. BGB, le droit g\u00e9n\u00e9ral des obligations et les r\u00e8gles du droit g\u00e9n\u00e9ral de la location du BGB s&rsquo;appliquent.<br \/>\nLe contrat ne peut pas \u00eatre rompu unilat\u00e9ralement. <\/li>\n<li>Les prestations et les tarifs sont fix\u00e9s librement avec la direction de l&rsquo;H\u00f4tel Boulevard et peuvent \u00eatre modifi\u00e9s apr\u00e8s la conclusion du contrat si le d\u00e9lai entre la conclusion du contrat et l&rsquo;ex\u00e9cution de la prestation est sup\u00e9rieur \u00e0 quatre mois.<\/li>\n<li>Les r\u00e9servations sont contraignantes pour les deux partenaires commerciaux. Une annulation ne peut se faire qu&rsquo;avec l&rsquo;accord de l&rsquo;H\u00f4tel Boulevard et en tenant compte des dispositions du point 1.8. des pr\u00e9sentes conditions g\u00e9n\u00e9rales. Toute modification du taux proportionnel de la TVA est \u00e0 la charge du client, quelle que soit la date de conclusion du contrat. L&rsquo;H\u00f4tel Boulevard peut subordonner toute prise de commande, toute r\u00e9servation ou toute prestation dont l&rsquo;ex\u00e9cution est diff\u00e9r\u00e9e par rapport \u00e0 la conclusion du contrat \u00e0 l&rsquo;acquittement partiel des sommes dues au titre de l&rsquo;ex\u00e9cution de la prestation. Les chambres r\u00e9serv\u00e9es sont \u00e0 la disposition du contractant \u00e0 partir de 14 heures le jour de l&rsquo;arriv\u00e9e. Sauf si une heure d&rsquo;arriv\u00e9e plus tardive a \u00e9t\u00e9 express\u00e9ment convenue, l&rsquo;h\u00f4tel Boulevard se r\u00e9serve le droit d&rsquo;attribuer \u00e0 d&rsquo;autres personnes les chambres command\u00e9es apr\u00e8s 18 heures. Le jour du d\u00e9part, les chambres doivent \u00eatre lib\u00e9r\u00e9es avant 11 heures, sauf accord contraire explicite. Les espaces fonctionnels r\u00e9serv\u00e9s ne sont mis \u00e0 la disposition du contractant qu&rsquo;\u00e0 l&rsquo;heure convenue par \u00e9crit. L&rsquo;utilisation des salles fonctionnelles au-del\u00e0 de la p\u00e9riode convenue n\u00e9cessite l&rsquo;accord pr\u00e9alable du service \u00e9v\u00e9nementiel.<\/li>\n<li>Une option non contraignante express\u00e9ment d\u00e9sign\u00e9e comme telle doit \u00eatre exerc\u00e9e de mani\u00e8re contraignante ou restitu\u00e9e au plus tard 30 jours avant la date d&rsquo;arriv\u00e9e.<br \/>\nLes options lev\u00e9es sont trait\u00e9es comme des r\u00e9servations fermes.<br \/>\nSi l&rsquo;option n&rsquo;est pas lev\u00e9e \u00e0 temps, l&rsquo;h\u00f4tel Boulevard est en droit d&rsquo;attribuer la prestation r\u00e9serv\u00e9e \u00e0 une autre personne.  <\/li>\n<li>Si l&rsquo;acheteur n&rsquo;est pas en m\u00eame temps l&rsquo;organisateur ou s&rsquo;il commande \u00e0 la charge d&rsquo;un autre, ils sont tous deux solidairement responsables.<\/li>\n<li>Les factures sont en principe payables d\u00e8s r\u00e9ception, sans d\u00e9duction d&rsquo;escompte.<br \/>\nSi le montant de plusieurs factures individuelles d\u00e9passe 300 euros, une facture globale peut \u00eatre \u00e9tablie \u00e0 la demande de la partie contractante.<br \/>\nL&rsquo;\u00e9tablissement d&rsquo;une facture globale ne dispense pas de l&rsquo;obligation de payer les factures individuelles dans les d\u00e9lais impartis.<br \/>\nEn cas de retard de paiement, l&rsquo;H\u00f4tel Boulevard est en droit de facturer des int\u00e9r\u00eats de retard \u00e0 hauteur de 5% au-dessus du taux d&rsquo;escompte de la Deutsche Bundesbank, \u00e0 moins qu&rsquo;un dommage de retard d&rsquo;un autre montant ne soit prouv\u00e9.<br \/>\nLe contractant ne peut compenser sa contre-cr\u00e9ance avec l&rsquo;H\u00f4tel Boulevard que dans la mesure o\u00f9 ses cr\u00e9ances sont incontest\u00e9es ou constat\u00e9es judiciairement par d\u00e9cision ayant acquis force de chose jug\u00e9e.<br \/>\nLe retard de paiement, m\u00eame d&rsquo;une seule facture, autorise l&rsquo;H\u00f4tel Boulevard \u00e0 suspendre toutes les prestations ult\u00e9rieures et futures pour le client.<br \/>\nL&rsquo;H\u00f4tel Boulevard prend cette d\u00e9cision sans pr\u00e9avis.<br \/>\nPour une r\u00e9servation totale de plus de 10 nuits, l&rsquo;H\u00f4tel Boulevard se r\u00e9serve le droit d&rsquo;exiger un paiement anticip\u00e9 \u00e0 hauteur de 100 % de la prestation command\u00e9e.<br \/>\nCe montant est payable 14 jours avant l&rsquo;arriv\u00e9e.        <\/li>\n<li>Si un client n&rsquo;accepte pas les services contractuels qu&rsquo;il a command\u00e9s ou r\u00e9serv\u00e9s \u00e0 l&rsquo;avance, il reste tenu de payer le prix convenu dans les limites suivantes :<br \/>\n&#8211; pour une annulation entre le 42\u00e8me jour et le jour d&rsquo;arriv\u00e9e, 80% des services command\u00e9s seront dus.<br \/>\n&#8211; en cas d&rsquo;annulation\/de non-pr\u00e9sentation sans pr\u00e9avis, 100% des prestations command\u00e9es seront dues, par rapport au prix convenu des prestations command\u00e9es.<br \/>\nLes frais d&rsquo;annulation sont r\u00e9duits du montant des nuit\u00e9es qui peuvent \u00eatre obtenues en relouant les chambres annul\u00e9es \u00e0 la date \u00e9tablie. Si la prestation command\u00e9e est divisible et que seule une partie de la prestation n&rsquo;est pas accept\u00e9e, des frais d&rsquo;annulation sont dus conform\u00e9ment \u00e0 la gradation du paragraphe pr\u00e9c\u00e9dent, sur la base du montant de la prestation command\u00e9e correspondant \u00e0 cette partie de la prestation. En plus des obligations de paiement susmentionn\u00e9es, l&rsquo;H\u00f4tel Boulevard facture des frais de traitement de 5 euros par r\u00e9servation en cas d&rsquo;annulation d&rsquo;un commun accord. En cas de d\u00e9part anticip\u00e9, avant 12h00, communiqu\u00e9 \u00e0 l&rsquo;h\u00f4tel pendant le s\u00e9jour du client, l&rsquo;h\u00f4tel se r\u00e9serve le droit de facturer 20 % des frais de s\u00e9jour par nuit, jusqu&rsquo;\u00e0 la date de d\u00e9part initiale.<br \/>\nEn cas de d\u00e9part tardif le jour du d\u00e9part apr\u00e8s 11h00, l&rsquo;h\u00f4tel facture 80% des frais d&rsquo;h\u00e9bergement de la nuit suivante r\u00e9serv\u00e9e. Apr\u00e8s 16h00, 100% des frais d&rsquo;h\u00e9bergement de la nuit suivante seront factur\u00e9s.<\/li>\n<li>Les objets ou mat\u00e9riels laiss\u00e9s dans les locaux de l&rsquo;h\u00f4tel accessibles \u00e0 tous, dans les installations techniques et dans les salles de conf\u00e9rence de l&rsquo;h\u00f4tel ne sont pas consid\u00e9r\u00e9s comme apport\u00e9s s&rsquo;ils n&rsquo;ont pas \u00e9t\u00e9 express\u00e9ment pris en charge par une personne habilit\u00e9e \u00e0 le faire. Les objets de valeur tels que les bijoux, les manteaux de fourrure et l&rsquo;argent doivent \u00eatre d\u00e9pos\u00e9s \u00e0 la r\u00e9ception. Un contrat de d\u00e9p\u00f4t sp\u00e9cial doit \u00eatre conclu \u00e0 cet effet avec une personne habilit\u00e9e. Nous d\u00e9clinons toute responsabilit\u00e9 pour les objets de valeur non d\u00e9pos\u00e9s. Dans les chambres, la responsabilit\u00e9 ne s&rsquo;\u00e9tend en outre qu&rsquo;aux objets et mat\u00e9riels apport\u00e9s par la personne autoris\u00e9e en vertu du contrat d&rsquo;h\u00e9bergement. La responsabilit\u00e9 de l&rsquo;H\u00f4tel Boulevard est limit\u00e9e \u00e0 un maximum de 3.000 euros, sauf en cas de faute intentionnelle ou de n\u00e9gligence grave. En cas de paiement avant l&rsquo;entr\u00e9e dans la chambre, l&rsquo;h\u00f4tel est en droit de demander une caution de 30 euros en plus du prix de la nuit et du petit-d\u00e9jeuner. Les cl\u00e9s du coffre-fort de la chambre non rendues le jour du d\u00e9part seront factur\u00e9es au client \u00e0 hauteur de 40,&#8211; euros.<\/li>\n<li>Il est interdit de consommer des aliments et des boissons apport\u00e9s dans les zones de l&rsquo;h\u00f4tel accessibles au public.<\/li>\n<li>Si l&rsquo;activit\u00e9 commerciale ou la s\u00e9curit\u00e9 de l&rsquo;H\u00f4tel Boulevard ou de ses clients sont mises en p\u00e9ril par un contractant, l&rsquo;H\u00f4tel Boulevard peut r\u00e9silier le contrat.<br \/>\nIl en va de m\u00eame en cas de force majeure ou d&rsquo;autres circonstances impr\u00e9visibles, exceptionnelles et non imputables \u00e0 l&rsquo;h\u00f4tel Boulevard, si cela rend la prestation de l&rsquo;h\u00f4tel Boulevard impossible, d\u00e9raisonnable ou sans int\u00e9r\u00eat pour le contractant. <\/li>\n<li>Dans le cadre de manifestations, si l&rsquo;organisateur est un groupe politique, religieux ou philosophique, la validit\u00e9 du contrat n\u00e9cessite en outre l&rsquo;approbation de la direction.<br \/>\nSi l&rsquo;organisateur dissimule \u00e0 l&rsquo;h\u00f4tel Boulevard qu&rsquo;il repr\u00e9sente un groupe politique, religieux ou philosophique, le contrat est sans effet.<br \/>\nSi l&rsquo;autorisation de la direction n&rsquo;est pas accord\u00e9e, m\u00eame a posteriori, le contrat est sans effet et l&rsquo;H\u00f4tel Boulevard est en droit de refuser la prestation.<br \/>\nDans ce cas, l&rsquo;organisateur est tenu de rembourser toutes les d\u00e9penses engag\u00e9es par l&rsquo;h\u00f4tel Boulevard en se fiant \u00e0 la validit\u00e9 du contrat.   <\/li>\n<li>Le contractant est tenu de signaler imm\u00e9diatement tout d\u00e9faut \u00e0 l&rsquo;h\u00f4tel.<br \/>\nLes r\u00e9clamations du contractant doivent \u00eatre adress\u00e9es \u00e0 l&rsquo;h\u00f4tel Boulevard dans un d\u00e9lai d&rsquo;un mois \u00e0 compter de la fin de la fourniture des services pr\u00e9vue dans le contrat.<br \/>\nPass\u00e9 ce d\u00e9lai, le contractant ne peut faire valoir ses droits que s&rsquo;il a \u00e9t\u00e9 emp\u00each\u00e9 de respecter le d\u00e9lai sans faute de sa part.<br \/>\nLes droits du contractant se prescrivent par six mois.<br \/>\nLe d\u00e9lai de prescription commence \u00e0 courir \u00e0 partir du jour o\u00f9 la prestation de services devait \u00eatre termin\u00e9e conform\u00e9ment au contrat.<br \/>\nSi le cocontractant a fait valoir des droits aupr\u00e8s de l&rsquo;H\u00f4tel Boulevard, la prescription est suspendue jusqu&rsquo;au jour o\u00f9 l&rsquo;H\u00f4tel Boulevard rejette les droits par \u00e9crit.     <\/li>\n<li>Le tribunal comp\u00e9tent pour tous les litiges entre les parties d\u00e9coulant de la relation contractuelle est Cologne.<\/li>\n<li>Aucune convention annexe orale ou \u00e9crite n&rsquo;a \u00e9t\u00e9 conclue.<br \/>\nToute modification ou tout ajout doit \u00eatre fait par \u00e9crit pour \u00eatre juridiquement valable.<br \/>\nIl en va de m\u00eame pour la renonciation \u00e0 l&rsquo;exigence d&rsquo;un \u00e9crit.  <\/li>\n<\/ol>\n<p><strong><br \/>\nH\u00d4TEL BOULEVARD K\u00d6LN<\/strong><\/p>\n","protected":false},"excerpt":{"rendered":"<p>Conditions g\u00e9n\u00e9rales de vente de l&rsquo;H\u00f4tel Boulevard Cologne R\u00e8gles g\u00e9n\u00e9rales Les pr\u00e9sentes conditions g\u00e9n\u00e9rales de vente s&rsquo;appliquent \u00e0 tous les contrats conclus avec l&rsquo;H\u00f4tel Boulevard. Les conditions g\u00e9n\u00e9rales autres que celles de l&rsquo;h\u00f4tel ne font pas partie du contrat, m\u00eame si l&rsquo;h\u00f4tel Boulevard ne les conteste pas express\u00e9ment. Outre les \u00a7 70 l et suivants, [&hellip;]<\/p>\n","protected":false},"author":1,"featured_media":0,"parent":0,"menu_order":32,"comment_status":"closed","ping_status":"closed","template":"template-text.php","meta":{"_acf_changed":false,"footnotes":""},"class_list":["post-824","page","type-page","status-publish","hentry"],"acf":[],"yoast_head":"<!-- This site is optimized with the Yoast SEO plugin v27.2 - https:\/\/yoast.com\/product\/yoast-seo-wordpress\/ -->\n<title>CONDITIONS G\u00c9N\u00c9RALES DE VENTE - Hotel Boulevard<\/title>\n<meta name=\"robots\" content=\"index, follow, max-snippet:-1, max-image-preview:large, max-video-preview:-1\" \/>\n<link rel=\"canonical\" href=\"https:\/\/hotelboulevard.de\/fr\/conditions-generales\/\" \/>\n<meta property=\"og:locale\" content=\"fr_FR\" \/>\n<meta property=\"og:type\" content=\"article\" \/>\n<meta property=\"og:title\" content=\"CONDITIONS G\u00c9N\u00c9RALES DE VENTE - Hotel Boulevard\" \/>\n<meta property=\"og:description\" content=\"Conditions g\u00e9n\u00e9rales de vente de l&rsquo;H\u00f4tel Boulevard Cologne R\u00e8gles g\u00e9n\u00e9rales Les pr\u00e9sentes conditions g\u00e9n\u00e9rales de vente s&rsquo;appliquent \u00e0 tous les contrats conclus avec l&rsquo;H\u00f4tel Boulevard. Les conditions g\u00e9n\u00e9rales autres que celles de l&rsquo;h\u00f4tel ne font pas partie du contrat, m\u00eame si l&rsquo;h\u00f4tel Boulevard ne les conteste pas express\u00e9ment. Outre les \u00a7 70 l et suivants, [&hellip;]\" \/>\n<meta property=\"og:url\" content=\"https:\/\/hotelboulevard.de\/fr\/conditions-generales\/\" \/>\n<meta property=\"og:site_name\" content=\"Hotel Boulevard\" \/>\n<meta property=\"article:publisher\" content=\"https:\/\/www.facebook.com\/HotelBoulevard.Koeln\/\" \/>\n<meta property=\"article:modified_time\" content=\"2024-10-23T07:39:00+00:00\" \/>\n<meta name=\"twitter:card\" content=\"summary_large_image\" \/>\n<meta name=\"twitter:label1\" content=\"Dur\u00e9e de lecture estim\u00e9e\" \/>\n\t<meta name=\"twitter:data1\" content=\"8 minutes\" \/>\n<script type=\"application\/ld+json\" class=\"yoast-schema-graph\">{\"@context\":\"https:\/\/schema.org\",\"@graph\":[{\"@type\":\"WebPage\",\"@id\":\"https:\/\/hotelboulevard.de\/fr\/conditions-generales\/\",\"url\":\"https:\/\/hotelboulevard.de\/fr\/conditions-generales\/\",\"name\":\"CONDITIONS G\u00c9N\u00c9RALES DE VENTE - Hotel Boulevard\",\"isPartOf\":{\"@id\":\"https:\/\/hotelboulevard.de\/fr\/#website\"},\"datePublished\":\"2024-07-08T23:30:21+00:00\",\"dateModified\":\"2024-10-23T07:39:00+00:00\",\"breadcrumb\":{\"@id\":\"https:\/\/hotelboulevard.de\/fr\/conditions-generales\/#breadcrumb\"},\"inLanguage\":\"fr-FR\",\"potentialAction\":[{\"@type\":\"ReadAction\",\"target\":[\"https:\/\/hotelboulevard.de\/fr\/conditions-generales\/\"]}]},{\"@type\":\"BreadcrumbList\",\"@id\":\"https:\/\/hotelboulevard.de\/fr\/conditions-generales\/#breadcrumb\",\"itemListElement\":[{\"@type\":\"ListItem\",\"position\":1,\"name\":\"Startseite\",\"item\":\"https:\/\/hotelboulevard.de\/fr\/\"},{\"@type\":\"ListItem\",\"position\":2,\"name\":\"CONDITIONS G\u00c9N\u00c9RALES DE VENTE\"}]},{\"@type\":\"WebSite\",\"@id\":\"https:\/\/hotelboulevard.de\/fr\/#website\",\"url\":\"https:\/\/hotelboulevard.de\/fr\/\",\"name\":\"Hotel Boulevard\",\"description\":\"\",\"publisher\":{\"@id\":\"https:\/\/hotelboulevard.de\/fr\/#organization\"},\"potentialAction\":[{\"@type\":\"SearchAction\",\"target\":{\"@type\":\"EntryPoint\",\"urlTemplate\":\"https:\/\/hotelboulevard.de\/fr\/?s={search_term_string}\"},\"query-input\":{\"@type\":\"PropertyValueSpecification\",\"valueRequired\":true,\"valueName\":\"search_term_string\"}}],\"inLanguage\":\"fr-FR\"},{\"@type\":\"Organization\",\"@id\":\"https:\/\/hotelboulevard.de\/fr\/#organization\",\"name\":\"Hotel Boulevard\",\"url\":\"https:\/\/hotelboulevard.de\/fr\/\",\"logo\":{\"@type\":\"ImageObject\",\"inLanguage\":\"fr-FR\",\"@id\":\"https:\/\/hotelboulevard.de\/fr\/#\/schema\/logo\/image\/\",\"url\":\"https:\/\/hotelboulevard.de\/wp-content\/uploads\/2024\/07\/logo.svg\",\"contentUrl\":\"https:\/\/hotelboulevard.de\/wp-content\/uploads\/2024\/07\/logo.svg\",\"width\":126,\"height\":57,\"caption\":\"Hotel Boulevard\"},\"image\":{\"@id\":\"https:\/\/hotelboulevard.de\/fr\/#\/schema\/logo\/image\/\"},\"sameAs\":[\"https:\/\/www.facebook.com\/HotelBoulevard.Koeln\/\"]}]}<\/script>\n<!-- \/ Yoast SEO plugin. -->","yoast_head_json":{"title":"CONDITIONS G\u00c9N\u00c9RALES DE VENTE - Hotel Boulevard","robots":{"index":"index","follow":"follow","max-snippet":"max-snippet:-1","max-image-preview":"max-image-preview:large","max-video-preview":"max-video-preview:-1"},"canonical":"https:\/\/hotelboulevard.de\/fr\/conditions-generales\/","og_locale":"fr_FR","og_type":"article","og_title":"CONDITIONS G\u00c9N\u00c9RALES DE VENTE - Hotel Boulevard","og_description":"Conditions g\u00e9n\u00e9rales de vente de l&rsquo;H\u00f4tel Boulevard Cologne R\u00e8gles g\u00e9n\u00e9rales Les pr\u00e9sentes conditions g\u00e9n\u00e9rales de vente s&rsquo;appliquent \u00e0 tous les contrats conclus avec l&rsquo;H\u00f4tel Boulevard. Les conditions g\u00e9n\u00e9rales autres que celles de l&rsquo;h\u00f4tel ne font pas partie du contrat, m\u00eame si l&rsquo;h\u00f4tel Boulevard ne les conteste pas express\u00e9ment. Outre les \u00a7 70 l et suivants, [&hellip;]","og_url":"https:\/\/hotelboulevard.de\/fr\/conditions-generales\/","og_site_name":"Hotel Boulevard","article_publisher":"https:\/\/www.facebook.com\/HotelBoulevard.Koeln\/","article_modified_time":"2024-10-23T07:39:00+00:00","twitter_card":"summary_large_image","twitter_misc":{"Dur\u00e9e de lecture estim\u00e9e":"8 minutes"},"schema":{"@context":"https:\/\/schema.org","@graph":[{"@type":"WebPage","@id":"https:\/\/hotelboulevard.de\/fr\/conditions-generales\/","url":"https:\/\/hotelboulevard.de\/fr\/conditions-generales\/","name":"CONDITIONS G\u00c9N\u00c9RALES DE VENTE - Hotel Boulevard","isPartOf":{"@id":"https:\/\/hotelboulevard.de\/fr\/#website"},"datePublished":"2024-07-08T23:30:21+00:00","dateModified":"2024-10-23T07:39:00+00:00","breadcrumb":{"@id":"https:\/\/hotelboulevard.de\/fr\/conditions-generales\/#breadcrumb"},"inLanguage":"fr-FR","potentialAction":[{"@type":"ReadAction","target":["https:\/\/hotelboulevard.de\/fr\/conditions-generales\/"]}]},{"@type":"BreadcrumbList","@id":"https:\/\/hotelboulevard.de\/fr\/conditions-generales\/#breadcrumb","itemListElement":[{"@type":"ListItem","position":1,"name":"Startseite","item":"https:\/\/hotelboulevard.de\/fr\/"},{"@type":"ListItem","position":2,"name":"CONDITIONS G\u00c9N\u00c9RALES DE VENTE"}]},{"@type":"WebSite","@id":"https:\/\/hotelboulevard.de\/fr\/#website","url":"https:\/\/hotelboulevard.de\/fr\/","name":"Hotel Boulevard","description":"","publisher":{"@id":"https:\/\/hotelboulevard.de\/fr\/#organization"},"potentialAction":[{"@type":"SearchAction","target":{"@type":"EntryPoint","urlTemplate":"https:\/\/hotelboulevard.de\/fr\/?s={search_term_string}"},"query-input":{"@type":"PropertyValueSpecification","valueRequired":true,"valueName":"search_term_string"}}],"inLanguage":"fr-FR"},{"@type":"Organization","@id":"https:\/\/hotelboulevard.de\/fr\/#organization","name":"Hotel Boulevard","url":"https:\/\/hotelboulevard.de\/fr\/","logo":{"@type":"ImageObject","inLanguage":"fr-FR","@id":"https:\/\/hotelboulevard.de\/fr\/#\/schema\/logo\/image\/","url":"https:\/\/hotelboulevard.de\/wp-content\/uploads\/2024\/07\/logo.svg","contentUrl":"https:\/\/hotelboulevard.de\/wp-content\/uploads\/2024\/07\/logo.svg","width":126,"height":57,"caption":"Hotel Boulevard"},"image":{"@id":"https:\/\/hotelboulevard.de\/fr\/#\/schema\/logo\/image\/"},"sameAs":["https:\/\/www.facebook.com\/HotelBoulevard.Koeln\/"]}]}},"_links":{"self":[{"href":"https:\/\/hotelboulevard.de\/fr\/wp-json\/wp\/v2\/pages\/824","targetHints":{"allow":["GET"]}}],"collection":[{"href":"https:\/\/hotelboulevard.de\/fr\/wp-json\/wp\/v2\/pages"}],"about":[{"href":"https:\/\/hotelboulevard.de\/fr\/wp-json\/wp\/v2\/types\/page"}],"author":[{"embeddable":true,"href":"https:\/\/hotelboulevard.de\/fr\/wp-json\/wp\/v2\/users\/1"}],"replies":[{"embeddable":true,"href":"https:\/\/hotelboulevard.de\/fr\/wp-json\/wp\/v2\/comments?post=824"}],"version-history":[{"count":5,"href":"https:\/\/hotelboulevard.de\/fr\/wp-json\/wp\/v2\/pages\/824\/revisions"}],"predecessor-version":[{"id":1261,"href":"https:\/\/hotelboulevard.de\/fr\/wp-json\/wp\/v2\/pages\/824\/revisions\/1261"}],"wp:attachment":[{"href":"https:\/\/hotelboulevard.de\/fr\/wp-json\/wp\/v2\/media?parent=824"}],"curies":[{"name":"wp","href":"https:\/\/api.w.org\/{rel}","templated":true}]}}